
{"id":393,"date":"2018-01-26T13:36:41","date_gmt":"2018-01-26T13:36:41","guid":{"rendered":"https:\/\/ivarsverktyg.se\/arbeta-hos-oss\/"},"modified":"2024-01-26T07:51:34","modified_gmt":"2024-01-26T07:51:34","slug":"work-with-us","status":"publish","type":"page","link":"https:\/\/ivarsverktyg.se\/en\/work-with-us\/","title":{"rendered":"Work with us"},"content":{"rendered":"<p><div class=\"fusion-fullwidth fullwidth-box fusion-builder-row-1 remove-gap hundred-percent-fullwidth non-hundred-percent-height-scrolling\" style=\"--awb-border-radius-top-left:0px;--awb-border-radius-top-right:0px;--awb-border-radius-bottom-right:0px;--awb-border-radius-bottom-left:0px;--awb-flex-wrap:wrap;\" ><div class=\"fusion-builder-row fusion-row\"><div class=\"fusion-layout-column fusion_builder_column fusion-builder-column-0 fusion_builder_column_1_1 1_1 fusion-one-full fusion-column-first fusion-column-last top-image\" style=\"--awb-bg-image:url(&#039;http:\/\/ivarsverktyg.se\/wp-content\/uploads\/2018\/01\/Ivars-verktyg-historia.jpg&#039;);--awb-bg-size:cover;\"><div class=\"fusion-column-wrapper fusion-flex-column-wrapper-legacy fusion-empty-column-bg-image fusion-column-has-bg-image\" data-bg-url=\"http:\/\/ivarsverktyg.se\/wp-content\/uploads\/2018\/01\/Ivars-verktyg-historia.jpg\"><img decoding=\"async\" class=\"fusion-empty-dims-img-placeholder fusion-no-large-visibility\" src=\"data:image\/gif;base64,R0lGODlhAQABAAAAACH5BAEKAAEALAAAAAABAAEAAAICTAEAOw==\"><div class=\"fusion-clearfix\"><\/div><\/div><\/div><\/div><\/div><div class=\"fusion-fullwidth fullwidth-box fusion-builder-row-2 om-ivars nonhundred-percent-fullwidth non-hundred-percent-height-scrolling\" style=\"--awb-border-radius-top-left:0px;--awb-border-radius-top-right:0px;--awb-border-radius-bottom-right:0px;--awb-border-radius-bottom-left:0px;--awb-padding-top:20px;--awb-padding-bottom:40px;--awb-flex-wrap:wrap;\" ><div class=\"fusion-builder-row fusion-row\"><div class=\"fusion-layout-column fusion_builder_column fusion-builder-column-1 fusion_builder_column_3_5 3_5 fusion-three-fifth fusion-column-first ingress medium-width\" style=\"--awb-bg-size:cover;width:58.4%; margin-right: 4%;\"><div class=\"fusion-column-wrapper fusion-flex-column-wrapper-legacy\"><div class=\"fusion-text fusion-text-1\"><h1 class=\"p1\">Work with us at Ivars Verktyg!<\/h1>\n<p class=\"p1\">Regardless of whether we\u2019re currently looking for employees or not, we\u2019re always interested in people with the right drive attitude, and skills. So, don\u2019t hesitate to get in touch and send your CV or call us &#8211; you may very well be a valuable resource that we want to connect with!<\/p>\n<p class=\"p1\">We offer stimulating jobs that will help you to develop, everything from construction to finished tools. We work with the CAD\/CAM program Siemens NX. Our machinery is up-to-date and includes, among other things, controlled milling machines (3\/5-axis) and a sinker EDM with c-axis and tool changers. Our premises are bright, open spaces.<\/p>\n<p class=\"p1\">Below you can read about the careers that are available with us right now!<\/p>\n<\/div><div class=\"fusion-clearfix\"><\/div><\/div><\/div><div class=\"fusion-layout-column fusion_builder_column fusion-builder-column-2 fusion_builder_column_1_2 1_2 fusion-one-half fusion-column-first hide\" style=\"--awb-bg-size:cover;width:50%;width:calc(50% - ( ( 4% ) * 0.5 ) );margin-right: 4%;\"><div class=\"fusion-column-wrapper fusion-flex-column-wrapper-legacy\"><div class=\"fusion-text fusion-text-2\"><h2>Sj\u00e4lvg\u00e5ende CAM-Beredare &#8211; Heltid<\/h2>\n<h3><b>Dina arbetsuppgifter<\/b><\/h3>\n<p>Som verktygsmakare\/CAM-beredare sk\u00f6ter du all programmering, beredning och tillverkning f\u00f6r CNC maskiner.<br \/>\nRitningarna f\u00f6rbereds i Siemens NX sedan programmerar och riggar du maskiner av m\u00e4rket Deckel Maho, f\u00f6r att sedan s\u00e4tta ig\u00e5ng arbetet med att fr\u00e4sa och tillverka verktygen.<\/p>\n<h3><b>Din profil<\/b><\/h3>\n<p>Vi ser att du har en verkstadsteknisk utbildning eller\/och erfarenhet inom yrket.\u00a0Du \u00e4r bekant med Siemens NX och har goda kunskaper inom beredning, ritningsl\u00e4sning CNC fr\u00e4sning.\u00a0Som person m\u00e5ste du ha f\u00f6rm\u00e5ga att arbeta sj\u00e4lvst\u00e4ndigt, driva dig sj\u00e4lv och ta eget ansvar. Du \u00e4r noggrann och har ett extra \u00f6ga f\u00f6r detaljer.<\/p>\n<h3>Ans\u00f6kan<\/h3>\n<p>Vi arbetar med l\u00f6pande ans\u00f6kningar och urval och kontaktar endast de som motsvarar ans\u00f6kningskraven.<\/p>\n<p>F\u00f6r att ans\u00f6ka om tj\u00e4nsten kontakta oss p\u00e5 070-52 815 92 eller <a href=\"&#x6d;&#x61;&#105;l&#x74;&#x6f;&#58;&#115;o&#x72;&#x65;&#110;&#64;i&#x76;&#x61;&#114;sv&#x65;&#x72;&#107;t&#x79;&#x67;&#46;&#115;e\">&#115;&#x6f;r&#x65;&#x6e;&#64;&#x69;v&#x61;&#x72;&#115;&#x76;e&#x72;&#x6b;&#116;&#x79;g&#x2e;&#x73;&#101;<\/a><br \/>\nSista ans\u00f6kningsdag: 2018-12-15<\/p>\n<\/div><div class=\"fusion-clearfix\"><\/div><\/div><\/div><div class=\"fusion-layout-column fusion_builder_column fusion-builder-column-3 fusion_builder_column_1_2 1_2 fusion-one-half fusion-column-last\" style=\"--awb-bg-size:cover;width:50%;width:calc(50% - ( ( 4% ) * 0.5 ) );\"><div class=\"fusion-column-wrapper fusion-flex-column-wrapper-legacy\"><div class=\"fusion-text fusion-text-3\"><h2 class=\"p1\">Toolmaker \/ CAM Preparer \u2013 Full time<\/h2>\n<h3 class=\"p1\"><strong>Your work assignments<\/strong><\/h3>\n<p class=\"p1\">Your main tasks will consist of sinker EDM, fitting of tool parts, problem solving, and other toolmaking work.\u00a0You will also be handling CAM preparation with 3 to 5 axis machines. \u00a0In your role, you will be involved throughout the entire project from the beginning to the finished tool.<\/p>\n<h3 class=\"p1\">Your profile<\/h3>\n<p class=\"p1\">We prefer that you are an experienced toolmaker, preferably for mould or die-casting tools, but you could also be a younger person with the interest and drive to learn in an exciting and interesting profession.\u00a0Good cooperative skills and service-mindedness are required as all of us at the company are working together to achieve common goals.<\/p>\n<h3>Application<\/h3>\n<p class=\"p1\">We work on applications and selections on an ongoing basis and will only be able to contact people who meet the application requirements.<\/p>\n<p class=\"p1\">To apply for the position, contact us on +46 (0)70-52 815 92 or <a href=\"m&#97;&#105;&#x6c;&#x74;&#x6f;:&#115;&#111;&#x72;&#x65;&#x6e;&#64;i&#118;&#x61;&#x72;&#x73;ve&#114;&#107;&#x74;&#x79;&#x67;&#46;&#115;&#101;\"><span class=\"s1\">&#115;&#x6f;r&#101;&#x6e;&#64;&#105;&#x76;a&#114;&#x73;v&#101;&#x72;k&#116;&#x79;g&#46;&#x73;e.<\/span><\/a><\/p>\n<\/div><div class=\"fusion-clearfix\"><\/div><\/div><\/div><div class=\"fusion-layout-column fusion_builder_column fusion-builder-column-4 fusion_builder_column_1_2 1_2 fusion-one-half fusion-column-first hide\" style=\"--awb-bg-size:cover;width:50%;width:calc(50% - ( ( 4% ) * 0.5 ) );margin-right: 4%;\"><div class=\"fusion-column-wrapper fusion-flex-column-wrapper-legacy\"><div class=\"fusion-text fusion-text-4\"><h2>L\u00f6sningsfokuserad Konstrukt\u00f6r &#8211; Heltid<br \/>\n(tj\u00e4nsten \u00e4r tillsatt)<\/h2>\n<p>Denna tj\u00e4nst har blivit tillsatt men vi tar g\u00e4rna emot ans\u00f6kningar f\u00f6r framtida anst\u00e4llningar.<\/p>\n<h3>Ans\u00f6kan<\/h3>\n<p>F\u00f6r att ans\u00f6ka om tj\u00e4nsten kontakta oss p\u00e5 070-52 815 92 eller <a href=\"&#109;a&#x69;l&#x74;&#111;&#x3a;&#115;&#x6f;&#114;e&#x6e;&#64;&#x69;&#118;&#x61;&#114;&#x73;&#118;&#x65;&#114;k&#x74;y&#x67;&#46;&#x73;&#101;\">&#x73;o&#x72;&#101;&#x6e;&#64;i&#x76;&#97;&#x72;&#115;v&#x65;&#114;&#x6b;&#116;y&#x67;&#46;&#x73;&#101;<\/a><\/p>\n<\/div><div class=\"fusion-clearfix\"><\/div><\/div><\/div><\/div><\/div><\/p>\n","protected":false},"excerpt":{"rendered":"","protected":false},"author":1,"featured_media":0,"parent":0,"menu_order":0,"comment_status":"closed","ping_status":"closed","template":"100-width.php","meta":{"footnotes":""},"class_list":["post-393","page","type-page","status-publish","hentry"],"_links":{"self":[{"href":"https:\/\/ivarsverktyg.se\/en\/wp-json\/wp\/v2\/pages\/393","targetHints":{"allow":["GET"]}}],"collection":[{"href":"https:\/\/ivarsverktyg.se\/en\/wp-json\/wp\/v2\/pages"}],"about":[{"href":"https:\/\/ivarsverktyg.se\/en\/wp-json\/wp\/v2\/types\/page"}],"author":[{"embeddable":true,"href":"https:\/\/ivarsverktyg.se\/en\/wp-json\/wp\/v2\/users\/1"}],"replies":[{"embeddable":true,"href":"https:\/\/ivarsverktyg.se\/en\/wp-json\/wp\/v2\/comments?post=393"}],"version-history":[{"count":7,"href":"https:\/\/ivarsverktyg.se\/en\/wp-json\/wp\/v2\/pages\/393\/revisions"}],"predecessor-version":[{"id":450,"href":"https:\/\/ivarsverktyg.se\/en\/wp-json\/wp\/v2\/pages\/393\/revisions\/450"}],"wp:attachment":[{"href":"https:\/\/ivarsverktyg.se\/en\/wp-json\/wp\/v2\/media?parent=393"}],"curies":[{"name":"wp","href":"https:\/\/api.w.org\/{rel}","templated":true}]}}